{"id":405,"date":"2018-08-11T12:09:58","date_gmt":"2018-08-11T10:09:58","guid":{"rendered":"https:\/\/www.patriciahairsaloon.com\/?page_id=405"},"modified":"2020-09-05T12:37:19","modified_gmt":"2020-09-05T10:37:19","slug":"estetica","status":"publish","type":"page","link":"https:\/\/www.patriciahairsaloon.com\/es\/estetica\/","title":{"rendered":"Est\u00e9tica"},"content":{"rendered":"\t\t<div data-elementor-type=\"wp-post\" data-elementor-id=\"405\" class=\"elementor elementor-405\" data-elementor-post-type=\"page\">\n\t\t\t\t\t\t<section class=\"elementor-section elementor-top-section elementor-element elementor-element-685bd52 elementor-section-full_width elementor-section-height-default elementor-section-height-default\" data-id=\"685bd52\" data-element_type=\"section\" data-e-type=\"section\">\n\t\t\t\t\t\t<div class=\"elementor-container elementor-column-gap-no\">\n\t\t\t\t\t<div class=\"elementor-column elementor-col-100 elementor-top-column elementor-element elementor-element-51d399e\" data-id=\"51d399e\" data-element_type=\"column\" data-e-type=\"column\">\n\t\t\t<div class=\"elementor-widget-wrap elementor-element-populated\">\n\t\t\t\t\t\t<div class=\"elementor-element elementor-element-14541fd elementor-widget elementor-widget-text-editor\" data-id=\"14541fd\" data-element_type=\"widget\" data-e-type=\"widget\" data-widget_type=\"text-editor.default\">\n\t\t\t\t<div class=\"elementor-widget-container\">\n\t\t\t\t\t\t\t\t\t<p style=\"text-align: justify;\">Vine a <strong>Patricia Hair Saloon<\/strong> i sortir\u00e0s perfecta de cap a peus!<\/p><p style=\"text-align: justify;\">Manicures i pedicures, tamb\u00e9 depilacions facials i maquillatge.<\/p><p style=\"text-align: justify;\">Serveis d\u2019est\u00e8tica b\u00e0sics que complementen la nostra especialitat: deixar perfecte el teu cabell.<\/p><p style=\"text-align: justify;\">Aix\u00ed que ja saps: pots aprofitar que ens vens a veure per marxar amb el teu look ideal i, a m\u00e9s, qualsevol dels serveis d\u2019est\u00e8tica que a la vegada t\u2019oferim.<\/p>\t\t\t\t\t\t\t\t<\/div>\n\t\t\t\t<\/div>\n\t\t\t\t\t<\/div>\n\t\t<\/div>\n\t\t\t\t\t<\/div>\n\t\t<\/section>\n\t\t\t\t<section class=\"elementor-section elementor-top-section elementor-element elementor-element-b24a861 elementor-section-full_width elementor-section-height-default elementor-section-height-default\" data-id=\"b24a861\" data-element_type=\"section\" data-e-type=\"section\">\n\t\t\t\t\t\t<div class=\"elementor-container elementor-column-gap-no\">\n\t\t\t\t\t<div class=\"elementor-column elementor-col-100 elementor-top-column elementor-element elementor-element-07e8a6a\" data-id=\"07e8a6a\" data-element_type=\"column\" data-e-type=\"column\">\n\t\t\t<div class=\"elementor-widget-wrap elementor-element-populated\">\n\t\t\t\t\t\t<div class=\"elementor-element elementor-element-58fa9ff elementor-widget elementor-widget-shortcode\" data-id=\"58fa9ff\" data-element_type=\"widget\" data-e-type=\"widget\" data-widget_type=\"shortcode.default\">\n\t\t\t\t<div class=\"elementor-widget-container\">\n\t\t\t\t\t\t\t<div class=\"elementor-shortcode\">\t\t<div data-elementor-type=\"section\" data-elementor-id=\"693\" class=\"elementor elementor-693\" data-elementor-post-type=\"elementor_library\">\n\t\t\t\t\t<section class=\"elementor-section elementor-top-section elementor-element elementor-element-b02cc0e elementor-section-full_width elementor-section-height-default elementor-section-height-default\" data-id=\"b02cc0e\" data-element_type=\"section\" data-e-type=\"section\" data-settings=\"{&quot;background_background&quot;:&quot;classic&quot;}\">\n\t\t\t\t\t\t<div class=\"elementor-container elementor-column-gap-no\">\n\t\t\t\t\t<div class=\"elementor-column elementor-col-100 elementor-top-column elementor-element elementor-element-c8a18d9\" data-id=\"c8a18d9\" data-element_type=\"column\" data-e-type=\"column\">\n\t\t\t<div class=\"elementor-widget-wrap elementor-element-populated\">\n\t\t\t\t\t\t<div class=\"elementor-element elementor-element-74fd808 elementor-position-inline-start animated-slow elementor-view-default elementor-mobile-position-block-start elementor-invisible elementor-widget elementor-widget-icon-box\" data-id=\"74fd808\" data-element_type=\"widget\" data-e-type=\"widget\" data-settings=\"{&quot;_animation&quot;:&quot;rubberBand&quot;,&quot;_animation_delay&quot;:1000}\" data-widget_type=\"icon-box.default\">\n\t\t\t\t<div class=\"elementor-widget-container\">\n\t\t\t\t\t\t\t<div class=\"elementor-icon-box-wrapper\">\n\n\t\t\t\t\t\t<div class=\"elementor-icon-box-icon\">\n\t\t\t\t<span  class=\"elementor-icon elementor-animation-pulse-grow\">\n\t\t\t\t<i aria-hidden=\"true\" class=\"fas fa-phone\"><\/i>\t\t\t\t<\/span>\n\t\t\t<\/div>\n\t\t\t\n\t\t\t\t\t\t<div class=\"elementor-icon-box-content\">\n\n\t\t\t\t\t\t\t\t\t<p class=\"elementor-icon-box-title\">\n\t\t\t\t\t\t<span  >\n\t\t\t\t\t\t\tDemana hora, t'assessorarem sense comprom\u00eds\t\t\t\t\t\t<\/span>\n\t\t\t\t\t<\/p>\n\t\t\t\t\n\t\t\t\t\t\t\t\t\t<p class=\"elementor-icon-box-description\">\n\t\t\t\t\t\t972 323 959 - 671 131 138\t\t\t\t\t<\/p>\n\t\t\t\t\n\t\t\t<\/div>\n\t\t\t\n\t\t<\/div>\n\t\t\t\t\t\t<\/div>\n\t\t\t\t<\/div>\n\t\t\t\t\t<\/div>\n\t\t<\/div>\n\t\t\t\t\t<\/div>\n\t\t<\/section>\n\t\t\t\t<\/div>\n\t\t<\/div>\n\t\t\t\t\t\t<\/div>\n\t\t\t\t<\/div>\n\t\t\t\t\t<\/div>\n\t\t<\/div>\n\t\t\t\t\t<\/div>\n\t\t<\/section>\n\t\t\t\t<\/div>\n\t\t","protected":false},"excerpt":{"rendered":"<p>Ven a\u00a0Patricia Hair Saloon y saldr\u00e1s perfecta de pies a cabeza! Manicuras\u00a0y pedicuras, tambi\u00e9n depilaciones faciales y maquillaje. Servicios de est\u00e9tica b\u00e1sicos que complementan nuestra especialidad: dejar perfecto tu pelo. As\u00ed que ya sabes: puedes aprovechar que vienes a vernos para marchar con tu\u00a0look\u00a0ideal y, adem\u00e1s, cualquiera de los servicios de est\u00e9tica que a la&#8230; <\/p>\n","protected":false},"author":1,"featured_media":540,"parent":0,"menu_order":0,"comment_status":"closed","ping_status":"closed","template":"","meta":{"footnotes":""},"class_list":["post-405","page","type-page","status-publish","has-post-thumbnail","hentry"],"_links":{"self":[{"href":"https:\/\/www.patriciahairsaloon.com\/es\/wp-json\/wp\/v2\/pages\/405","targetHints":{"allow":["GET"]}}],"collection":[{"href":"https:\/\/www.patriciahairsaloon.com\/es\/wp-json\/wp\/v2\/pages"}],"about":[{"href":"https:\/\/www.patriciahairsaloon.com\/es\/wp-json\/wp\/v2\/types\/page"}],"author":[{"embeddable":true,"href":"https:\/\/www.patriciahairsaloon.com\/es\/wp-json\/wp\/v2\/users\/1"}],"replies":[{"embeddable":true,"href":"https:\/\/www.patriciahairsaloon.com\/es\/wp-json\/wp\/v2\/comments?post=405"}],"version-history":[{"count":0,"href":"https:\/\/www.patriciahairsaloon.com\/es\/wp-json\/wp\/v2\/pages\/405\/revisions"}],"wp:featuredmedia":[{"embeddable":true,"href":"https:\/\/www.patriciahairsaloon.com\/es\/wp-json\/wp\/v2\/media\/540"}],"wp:attachment":[{"href":"https:\/\/www.patriciahairsaloon.com\/es\/wp-json\/wp\/v2\/media?parent=405"}],"curies":[{"name":"wp","href":"https:\/\/api.w.org\/{rel}","templated":true}]}}